{"id":648,"date":"2025-04-06T17:19:51","date_gmt":"2025-04-06T17:19:51","guid":{"rendered":"https:\/\/www.kathrinwestermayer.com\/?page_id=648"},"modified":"2025-10-13T09:25:50","modified_gmt":"2025-10-13T09:25:50","slug":"impressum","status":"publish","type":"page","link":"https:\/\/www.kathrinwestermayer.com\/en\/impressum\/","title":{"rendered":"Imprint"},"content":{"rendered":"<div id=\"content-header-block_5838af4f72515630b6051b34328daaf5\" class=\"content-header block block--content-header block--bg\" data-title=\"\">\n  <svg xmlns=\"http:\/\/www.w3.org\/2000\/svg\" fill=\"none\" viewBox=\"0 0 553 469\">\n    <g opacity=\".04\">\n      <path fill=\"#000\" d=\"M280.763 1.548c-10.258-5.853-23.325 30.348-24.413 38.515-2.085 15.632 3.011 62.157 25.603 58.597 23.071-30.345 22.106-67.198-1.19-97.112ZM233.671 170.81c-7.718-43.589-40.955-102.673-88.728-109.633-27.234-3.966-20.693 21.21-15.312 37.822 12.86 39.695 54.726 76.437 96.556 79.293 1.814-1.537-15.372-23.41-17.52-26.112-11.742-14.778-25.984-27.379-37.338-42.492-.394-1.851 2.607-1.701 3.698-1.214 12.7 5.677 40.381 45.086 50.073 57.21 2.337 2.924 4.103 6.012 8.571 5.121v.005ZM425.422 61.417c-57.31-1.327-92.602 56.465-101.917 106.897 5.54 1.352 5.533-3.245 7.973-5.723 15.669-15.916 26.925-36.462 45.665-49.132l1.214 3.697-54.862 63.622c54.897-11.024 114.857-57.71 101.927-119.36ZM283.086 242.631c3.048-1.789 13.823-20.731 15.549-25.568 9.647-27.05 8.297-75.227-13.716-96.207-8.025-7.649-9.215-6.008-16.265 1.374-12.022 12.591-20.96 45.283-20.117 62.374.636 12.898 14.786 69.617 34.549 58.027Zm-165.043-73.414c-18.383-20.391-61.406-36.232-86.203-19.396 7.202 28.362 40.912 46.421 68.404 48.404 12.373.893 28.851 2.006 26.289-16.013-.442-3.096-6.082-10.325-8.49-12.995Zm402.296-23.13c-35.314-10.757-84.327 8.112-94.565 44.674 11.278 2.724 10.986 8.205 26.229 7.656 26.433-.955 68.843-22.766 68.336-52.33ZM89.005 220.73c-4.19 4.096 19.479 24.201 23.75 27.366 9.407 6.975 18.989 13.821 31.188 11.533 17.021-3.19 28.22-20.082 18.436-36.232-12.758-21.063-52.97 2.093-73.374-2.667Zm316.165-7.108c-16.076 2.742-20.524 30.702-6.711 40.651 25.142 18.106 49.779-11.164 67.217-27.359l-4.119-5.805c-15.654 2.56-42.881-9.789-56.387-7.487Z\" \/>\n      <path fill=\"#fff\" d=\"M271.103 571.219c-.968 3.103-5.708 3.782-8.706 3.964-5.436.332-28.165-1.951-34.933-2.737-5.775-.668-41.681-7.269-43.707-8.704l.005-21.214c-7.998 9.257-25.303-3.431-34.701-8.931-72.642-42.527-130.454-120.957-144.247-205-2.532-15.432-7.234-69.537-3.18-81.736 1.022-3.08-2.034-3.954 3.751-3.752 14.033.494 45.104 14.779 61.135 18.795 32.363 8.111 78.225 17.638 111.095 13.753 18.835-2.225 24.944-17.16 15.791-33.373-14.636-25.922-28.172-23.365-24.27-62.424.274-2.745 1.102-15.951 5.89-14.001 6.463 2.635 16.2 38.012 22.127 47.736 15.852 26.007 73.955 74.411 73.955 105.662v251.962h-.005ZM14.179 273.105c-2.799 94.636 45.219 184.838 122.893 237.563 15.744 10.687 33.987 17.056 47.967 29.32 20.347-45.403 33.471-105.994 28.786-155.964-1.297-13.833-6.149-22.013-18.301-29.098-18.345-10.697-47.892-19.603-68.301-28.991-37.77-17.375-75.35-35.342-113.044-52.83ZM283.575 316.762c6.055-36.175 56.961-74.523 74.915-104.701 8.036-13.509 11.872-31.403 17.58-46.072l7.285-.172c1.057 18.758 6.037 33.089-2.383 51.266-6.76 14.598-33.244 29.182-22.676 47.436 8.965 15.489 49.402 12.361 65.926 10.779 43.443-4.156 86.57-23.774 128.778-32.129v73.593c0 58.76-61.015 149.853-104.742 187.136-20.408 17.4-51.035 37.632-77.387 41.127l.13 18.792c-22.672 1.926-46.294 9.767-68.741 11.114-6.453.387-14.546 1.741-18.685-3.712V316.762Zm256.951-43.657L352.51 358.256c-3.604 2.847-8.377 11.109-9.611 15.335-9.076 31.091 6.65 126.774 20.309 157.9 1.302 2.969 1.559 6.152 5.964 5.74 12.217-1.137 60.486-33.88 71.598-43.32 45.527-38.682 99.756-123.548 99.756-184.635v-36.171ZM233.67 170.811c-4.468.889-6.236-2.2-8.571-5.121-9.692-12.127-37.373-51.533-50.073-57.21-1.091-.487-4.092-.637-3.698 1.214 11.356 15.113 25.596 27.714 37.338 42.492 2.146 2.702 19.331 24.575 17.52 26.112-41.83-2.856-83.696-39.598-96.556-79.293-5.381-16.612-11.922-41.788 15.312-37.822 47.773 6.958 81.01 66.044 88.728 109.633v-.005ZM425.421 61.417c12.929 61.651-47.033 108.334-101.928 119.361l54.863-63.622-1.215-3.697c-18.74 12.668-29.996 33.216-45.665 49.132-2.44 2.478-2.432 7.075-7.973 5.723 9.315-50.43 44.607-108.221 101.918-106.897ZM283.085 242.631c-19.765 11.592-33.912-45.131-34.548-58.029-.844-17.088 8.095-49.784 20.117-62.374 7.049-7.384 8.242-9.023 16.265-1.375 22.013 20.98 23.362 69.16 13.716 96.207-1.727 4.837-12.501 23.784-15.55 25.571Z\" \/>\n      <path fill=\"#fff\" d=\"M118.043 169.217c2.408 2.67 8.048 9.897 8.49 12.993 2.562 18.021-13.916 16.906-26.289 16.013-27.492-1.983-61.202-20.042-68.404-48.404 24.794-16.834 67.82-.996 86.203 19.396v.002ZM520.338 146.087c.506 29.564-41.903 51.375-68.337 52.328-15.242.551-14.95-4.932-26.229-7.656 10.239-36.562 59.249-55.427 94.566-44.672ZM280.761 1.548c23.295 29.914 24.258 66.767 1.188 97.112-22.592 3.56-27.689-42.965-25.603-58.597 1.09-8.167 14.159-44.368 24.415-38.515ZM89.004 220.73c20.404 4.76 60.616-18.396 73.373 2.669 9.782 16.151-1.414 33.04-18.435 36.233-12.199 2.287-21.781-4.558-31.189-11.533-4.271-3.168-27.94-23.273-23.749-27.369ZM405.169 213.623c13.506-2.303 40.73 10.046 56.387 7.486l4.118 5.805c-17.437 16.196-42.075 45.468-67.216 27.359-13.813-9.949-9.365-37.909 6.711-40.65Z\" \/>\n    <\/g>\n  <\/svg>\n  <div class=\"content-header__content content\">\n        <h1 class=\"content__hl\">Imprint<\/h1>      <\/div>\n<\/div>\n\n<div id=\"main-content-block_87e47b03212703061e51c10a9cf090ca\" class=\"main-content block block--main-content\" data-title=\"\">\n  <div class=\"main-content__content content\">\n        <div class=\"content__wrapper content-wrapper\">\n      <div class=\"content-wrapper__aside aside\">\n                                            <div class=\"aside__sl\">Westermayer Coaching &amp; Consulting e.U.<\/div>\n                                    <\/div>\n      <div class=\"content-wrapper__main main\">\n                                            <div class=\"main__text\"><h2>Seiteninhaberin<\/h2>\n<p>Mag. Kathrin Westermayer, MSc<br \/>\nStadiongasse 6-8\/10, 1010 Wien, \u00d6sterreich<br \/>\n\u200b+43 (0) 664 53 10\u00a0220<br \/>\ncontact@thehumanfaktor.com<br \/>\nFirmenbuchnummer:\u00a0FN 612995 p<br \/>\nUID:\u00a0ATU79915013<\/p>\n<h2>Unternehmens\u00adgegenstand<\/h2>\n<p class=\"p1\">Unternehmensberatung einschlie\u00dflich der Unternehmensorganisation;<\/p>\n<p class=\"p1\"><span class=\"s1\"><a href=\"https:\/\/www.lebensberater.at\/\" target=\"_blank\" rel=\"noopener\">Lebens- und Sozialberatung<\/a><\/span> (d.h. Psychosoziale Beratung), ausgenommen Ern\u00e4hrungsberatung und sportwissenschaftliche Beratung.<\/p>\n<h2>Nutzungs\u00adbedingungen &amp; Copyright<\/h2>\n<p>Die Inhalte dieser Webseite sind geistiges Eigentum der Westermayer Coaching &amp; Consulting e.U. und unterliegen somit ausschlie\u00dflich dem Urheberrecht der Westermayer Coaching &amp; Consulting e.U.. Jede Art der Vervielf\u00e4ltigung, Bearbeitung, Verbreitung und jede Art der Verwertung au\u00dferhalb der Grenzen des Urheberrechts bedarf der vorherigen ausdr\u00fccklichen schriftlichen Zustimmung der Westermayer Coaching &amp; Consulting e.U., unter Ber\u00fccksichtigung dessen, dass die Informationen der Website nicht ver\u00e4ndert oder verf\u00e4lscht werden d\u00fcrfen und eine Quellenangabe erforderlich ist.<\/p>\n<p>Das Logo und Firmenslogan der Westermayer Coaching &amp; Consulting e.U., die auf dieser Webseite dargestellt sind, sind ebenfalls geistiges Eigentum der Westermayer Coaching &amp; Consulting e.U.. Die Verwendung des Markennamens des Logos oder Teilen davon ist untersagt, es sei denn, die Westermayer Coaching &amp; Consulting e.U. erteilt dazu ihre vorherige ausdr\u00fcckliche schriftliche Zustimmung.<\/p>\n<h2>Haftungs\u00adbeschr\u00e4nkung f\u00fcr eigene Inhalte<\/h2>\n<p>Alle Inhalte des Internetauftritts\u00a0www.kathrinwestermayer.com\u00a0wurden mit Sorgfalt und nach bestem Wissen und Gewissen erstellt. Eine Gew\u00e4hr f\u00fcr die Aktualit\u00e4t, Vollst\u00e4ndigkeit und Richtigkeit s\u00e4mtlicher Seiten sowie f\u00fcr die Verf\u00fcgbarkeit dieser Webseite kann jedoch nicht \u00fcbernommen werden.<\/p>\n<h2>Haftungs\u00adbeschr\u00e4nkung f\u00fcr externe Links<\/h2>\n<p>Die Webseite\u00a0www.kathrinwestermayer.com\u00a0enth\u00e4lt sogenannte \u201eexterne Links\u201c (Verkn\u00fcpfungen zu Webseiten Dritter), auf deren Inhalt Westermayer Coaching &amp; Consulting e.U. keinen Einfluss hat und f\u00fcr den Westermayer Coaching &amp; Consulting e.U. aus diesem Grund keine Gew\u00e4hr \u00fcbernimmt. F\u00fcr die Inhalte und Richtigkeit der Informationen ist der jeweilige Informationsanbieter der verlinkten Webseite verantwortlich. Zum Zeitpunkt der Verlinkung, waren f\u00fcr Westermayer Coaching &amp; Consulting e.U. Rechtsverst\u00f6\u00dfe (weder zivilrechtlicher noch strafrechtlicher Natur) erkennbar. Sollte Westermayer Coaching &amp; Consulting e.U. eine Rechtsverletzung bekannt werden, wird die Nutzung des jeweiligen Links umgehend von Westermayer Coaching &amp; Consulting e.U. verhindert, sofern es technisch m\u00f6glich und zumutbar ist. Westermayer Coaching &amp; Consulting e.U. ist jedoch nicht verpflichtet, die Inhalte, auf die sie auf\u00a0www.kathrinwestermayer.com\u00a0verweist, permanent auf etwaige Ver\u00e4nderungen und\/oder Aktualisierungen hin zu pr\u00fcfen, die eine Verantwortlichkeit neu begr\u00fcnden k\u00f6nnte.<\/p>\n<h2>Haftungs\u00adausschluss<\/h2>\n<p>Westermayer Coaching &amp; Consulting e.U. \u00fcbernimmt keine Haftung f\u00fcr Sch\u00e4den und\/oder Folgesch\u00e4den jedweder Art, die sich aus dem Zugriff auf die Webseite oder der Verwendung des Inhalts dieser Webseite oder mit einer verlinkten Webseite ergeben.<\/p>\n<h2>Datenschutz<\/h2>\n<p>Durch den Besuch der Website\u00a0www.kathrinwestermayer.com\u00a0k\u00f6nnen Informationen \u00fcber den Zugriff (Datum, Uhrzeit, aufgerufene Seite) auf dem Server gespeichert werden. Dies stellt keine Auswertung personenbezogener Daten (z.B. Name, Anschrift oder E-Mail Adresse) dar. Sofern personenbezogene Daten erhoben werden, erfolgt dies \u2013 sofern m\u00f6glich \u2013 nur mit dem vorherigen Einverst\u00e4ndnis der NutzerIn der Webseite.<\/p>\n<p>Eine Weiterleitung der Daten an Dritte findet nur mit ausdr\u00fccklicher Zustimmung der NutzerIn statt. Westermayer Coaching &amp; Consulting e.U. weist ausdr\u00fccklich darauf hin, dass die \u00dcbertragung von Daten im Internet (z.B. per E-Mail) Sicherheitsl\u00fccken aufweisen kann. Ein l\u00fcckenloser Schutz der Daten vor dem Zugriff Dritter kann nicht gew\u00e4hrleistet werden. Westermayer Coaching &amp; Consulting e.U. kann keine Haftung f\u00fcr die durch solche Sicherheitsl\u00fccken entstehenden Sch\u00e4den \u00fcbernehmen. Der Verwendung ver\u00f6ffentlichter Kontaktdaten durch Dritte zum Zwecke von Werbung wird ausdr\u00fccklich widersprochen. Wir behalten uns rechtliche Schritte f\u00fcr den Fall der unverlangten Zusendung von Werbeinformationen, z.B. durch Spam-Mails, vor.<\/p>\n<p>Wenn Sie in den Einstellungen Ihres Webbrowsers Cookies zugelassen haben und unsere Website weiterhin benutzen, hei\u00dft das f\u00fcr uns, dass Sie mit der Verwendung von Cookies einverstanden sind. Bei Nichtverwendung unserer Cookies bietet diese Website aber m\u00f6glicherweise nicht den von Ihnen erwarteten Funktionsumfang.<\/p>\n<h2>Notes<\/h2>\n<p>To improve readability, gender-specific forms are not used throughout this website. All gender references are intended to be inclusive of all genders equally.<\/p>\n<p>All information is subject to change. Austrian laws apply.<\/p>\n<h2>Webdesign &amp; Umsetzung<\/h2>\n<p><a href=\"https:\/\/medianomia.com\" target=\"_blank\" rel=\"noopener\">medianomia<\/a>\/<a href=\"https:\/\/digitalists.at\" target=\"_blank\" rel=\"noopener\">digitalists<\/a><\/p>\n<p>This website has been developed in accordance with current standards for accessibility and performance optimization.<\/p>\n<h2>Fotos<\/h2>\n<p><a href=\"https:\/\/www.rmdb.me\/\" target=\"_blank\" rel=\"noopener\">Ralph Darabos<\/a><\/p>\n<\/div>\n                                    <\/div>\n    <\/div>\n  <\/div>\n<\/div>","protected":false},"excerpt":{"rendered":"","protected":false},"author":2,"featured_media":0,"parent":0,"menu_order":0,"comment_status":"closed","ping_status":"closed","template":"","meta":{"_acf_changed":false,"footnotes":""},"class_list":["post-648","page","type-page","status-publish","hentry"],"acf":[],"_links":{"self":[{"href":"https:\/\/www.kathrinwestermayer.com\/en\/wp-json\/wp\/v2\/pages\/648","targetHints":{"allow":["GET"]}}],"collection":[{"href":"https:\/\/www.kathrinwestermayer.com\/en\/wp-json\/wp\/v2\/pages"}],"about":[{"href":"https:\/\/www.kathrinwestermayer.com\/en\/wp-json\/wp\/v2\/types\/page"}],"author":[{"embeddable":true,"href":"https:\/\/www.kathrinwestermayer.com\/en\/wp-json\/wp\/v2\/users\/2"}],"replies":[{"embeddable":true,"href":"https:\/\/www.kathrinwestermayer.com\/en\/wp-json\/wp\/v2\/comments?post=648"}],"version-history":[{"count":9,"href":"https:\/\/www.kathrinwestermayer.com\/en\/wp-json\/wp\/v2\/pages\/648\/revisions"}],"predecessor-version":[{"id":901,"href":"https:\/\/www.kathrinwestermayer.com\/en\/wp-json\/wp\/v2\/pages\/648\/revisions\/901"}],"wp:attachment":[{"href":"https:\/\/www.kathrinwestermayer.com\/en\/wp-json\/wp\/v2\/media?parent=648"}],"curies":[{"name":"wp","href":"https:\/\/api.w.org\/{rel}","templated":true}]}}