{"id":650,"date":"2025-04-06T17:21:06","date_gmt":"2025-04-06T17:21:06","guid":{"rendered":"https:\/\/www.kathrinwestermayer.com\/?page_id=650"},"modified":"2025-04-06T18:08:28","modified_gmt":"2025-04-06T18:08:28","slug":"datenschutz","status":"publish","type":"page","link":"https:\/\/www.kathrinwestermayer.com\/en\/datenschutz\/","title":{"rendered":"Privacy Policy"},"content":{"rendered":"<div id=\"content-header-block_cb6b8c1a0cc40d5f7c0c480d4e11aa3e\" class=\"content-header block block--content-header block--bg\" data-title=\"\">\n  <svg xmlns=\"http:\/\/www.w3.org\/2000\/svg\" fill=\"none\" viewBox=\"0 0 553 469\">\n    <g opacity=\".04\">\n      <path fill=\"#000\" d=\"M280.763 1.548c-10.258-5.853-23.325 30.348-24.413 38.515-2.085 15.632 3.011 62.157 25.603 58.597 23.071-30.345 22.106-67.198-1.19-97.112ZM233.671 170.81c-7.718-43.589-40.955-102.673-88.728-109.633-27.234-3.966-20.693 21.21-15.312 37.822 12.86 39.695 54.726 76.437 96.556 79.293 1.814-1.537-15.372-23.41-17.52-26.112-11.742-14.778-25.984-27.379-37.338-42.492-.394-1.851 2.607-1.701 3.698-1.214 12.7 5.677 40.381 45.086 50.073 57.21 2.337 2.924 4.103 6.012 8.571 5.121v.005ZM425.422 61.417c-57.31-1.327-92.602 56.465-101.917 106.897 5.54 1.352 5.533-3.245 7.973-5.723 15.669-15.916 26.925-36.462 45.665-49.132l1.214 3.697-54.862 63.622c54.897-11.024 114.857-57.71 101.927-119.36ZM283.086 242.631c3.048-1.789 13.823-20.731 15.549-25.568 9.647-27.05 8.297-75.227-13.716-96.207-8.025-7.649-9.215-6.008-16.265 1.374-12.022 12.591-20.96 45.283-20.117 62.374.636 12.898 14.786 69.617 34.549 58.027Zm-165.043-73.414c-18.383-20.391-61.406-36.232-86.203-19.396 7.202 28.362 40.912 46.421 68.404 48.404 12.373.893 28.851 2.006 26.289-16.013-.442-3.096-6.082-10.325-8.49-12.995Zm402.296-23.13c-35.314-10.757-84.327 8.112-94.565 44.674 11.278 2.724 10.986 8.205 26.229 7.656 26.433-.955 68.843-22.766 68.336-52.33ZM89.005 220.73c-4.19 4.096 19.479 24.201 23.75 27.366 9.407 6.975 18.989 13.821 31.188 11.533 17.021-3.19 28.22-20.082 18.436-36.232-12.758-21.063-52.97 2.093-73.374-2.667Zm316.165-7.108c-16.076 2.742-20.524 30.702-6.711 40.651 25.142 18.106 49.779-11.164 67.217-27.359l-4.119-5.805c-15.654 2.56-42.881-9.789-56.387-7.487Z\" \/>\n      <path fill=\"#fff\" d=\"M271.103 571.219c-.968 3.103-5.708 3.782-8.706 3.964-5.436.332-28.165-1.951-34.933-2.737-5.775-.668-41.681-7.269-43.707-8.704l.005-21.214c-7.998 9.257-25.303-3.431-34.701-8.931-72.642-42.527-130.454-120.957-144.247-205-2.532-15.432-7.234-69.537-3.18-81.736 1.022-3.08-2.034-3.954 3.751-3.752 14.033.494 45.104 14.779 61.135 18.795 32.363 8.111 78.225 17.638 111.095 13.753 18.835-2.225 24.944-17.16 15.791-33.373-14.636-25.922-28.172-23.365-24.27-62.424.274-2.745 1.102-15.951 5.89-14.001 6.463 2.635 16.2 38.012 22.127 47.736 15.852 26.007 73.955 74.411 73.955 105.662v251.962h-.005ZM14.179 273.105c-2.799 94.636 45.219 184.838 122.893 237.563 15.744 10.687 33.987 17.056 47.967 29.32 20.347-45.403 33.471-105.994 28.786-155.964-1.297-13.833-6.149-22.013-18.301-29.098-18.345-10.697-47.892-19.603-68.301-28.991-37.77-17.375-75.35-35.342-113.044-52.83ZM283.575 316.762c6.055-36.175 56.961-74.523 74.915-104.701 8.036-13.509 11.872-31.403 17.58-46.072l7.285-.172c1.057 18.758 6.037 33.089-2.383 51.266-6.76 14.598-33.244 29.182-22.676 47.436 8.965 15.489 49.402 12.361 65.926 10.779 43.443-4.156 86.57-23.774 128.778-32.129v73.593c0 58.76-61.015 149.853-104.742 187.136-20.408 17.4-51.035 37.632-77.387 41.127l.13 18.792c-22.672 1.926-46.294 9.767-68.741 11.114-6.453.387-14.546 1.741-18.685-3.712V316.762Zm256.951-43.657L352.51 358.256c-3.604 2.847-8.377 11.109-9.611 15.335-9.076 31.091 6.65 126.774 20.309 157.9 1.302 2.969 1.559 6.152 5.964 5.74 12.217-1.137 60.486-33.88 71.598-43.32 45.527-38.682 99.756-123.548 99.756-184.635v-36.171ZM233.67 170.811c-4.468.889-6.236-2.2-8.571-5.121-9.692-12.127-37.373-51.533-50.073-57.21-1.091-.487-4.092-.637-3.698 1.214 11.356 15.113 25.596 27.714 37.338 42.492 2.146 2.702 19.331 24.575 17.52 26.112-41.83-2.856-83.696-39.598-96.556-79.293-5.381-16.612-11.922-41.788 15.312-37.822 47.773 6.958 81.01 66.044 88.728 109.633v-.005ZM425.421 61.417c12.929 61.651-47.033 108.334-101.928 119.361l54.863-63.622-1.215-3.697c-18.74 12.668-29.996 33.216-45.665 49.132-2.44 2.478-2.432 7.075-7.973 5.723 9.315-50.43 44.607-108.221 101.918-106.897ZM283.085 242.631c-19.765 11.592-33.912-45.131-34.548-58.029-.844-17.088 8.095-49.784 20.117-62.374 7.049-7.384 8.242-9.023 16.265-1.375 22.013 20.98 23.362 69.16 13.716 96.207-1.727 4.837-12.501 23.784-15.55 25.571Z\" \/>\n      <path fill=\"#fff\" d=\"M118.043 169.217c2.408 2.67 8.048 9.897 8.49 12.993 2.562 18.021-13.916 16.906-26.289 16.013-27.492-1.983-61.202-20.042-68.404-48.404 24.794-16.834 67.82-.996 86.203 19.396v.002ZM520.338 146.087c.506 29.564-41.903 51.375-68.337 52.328-15.242.551-14.95-4.932-26.229-7.656 10.239-36.562 59.249-55.427 94.566-44.672ZM280.761 1.548c23.295 29.914 24.258 66.767 1.188 97.112-22.592 3.56-27.689-42.965-25.603-58.597 1.09-8.167 14.159-44.368 24.415-38.515ZM89.004 220.73c20.404 4.76 60.616-18.396 73.373 2.669 9.782 16.151-1.414 33.04-18.435 36.233-12.199 2.287-21.781-4.558-31.189-11.533-4.271-3.168-27.94-23.273-23.749-27.369ZM405.169 213.623c13.506-2.303 40.73 10.046 56.387 7.486l4.118 5.805c-17.437 16.196-42.075 45.468-67.216 27.359-13.813-9.949-9.365-37.909 6.711-40.65Z\" \/>\n    <\/g>\n  <\/svg>\n  <div class=\"content-header__content content\">\n        <h1 class=\"content__hl\">Privacy Policy<\/h1>      <\/div>\n<\/div>\n\n<div id=\"main-content-block_cc871424fe7727adba281f1221276e4b\" class=\"main-content block block--main-content\" data-title=\"\">\n  <div class=\"main-content__content content\">\n        <div class=\"content__wrapper content-wrapper\">\n      <div class=\"content-wrapper__aside aside\">\n                                            <div class=\"aside__sl\">Erkl\u00e4rung zur Informationspflicht<\/div>\n                                    <\/div>\n      <div class=\"content-wrapper__main main\">\n                                            <div class=\"main__text\"><h2>Datenschutz auf einen Blick<\/h2>\n<p class=\"p1\">Der Schutz Ihrer pers\u00f6nlichen Daten ist uns ein besonderes Anliegen. Wir verarbeiten Ihre Daten daher ausschlie\u00dflich auf Grundlage der gesetzlichen Bestimmungen (DSGVO, TKG 2003). In diesen Datenschutzinformationen informieren wir Sie \u00fcber die wichtigsten Aspekte der Datenverarbeitung im Rahmen unserer Website.<\/p>\n<h2>Wer ist verantwortlich f\u00fcr die Datenerfassung auf dieser Website?<\/h2>\n<p>Die Datenverarbeitung auf dieser Website erfolgt durch den Websitebetreiber. Dessen Kontaktdaten k\u00f6nnen Sie dem Impressum dieser Website entnehmen.<\/p>\n<h2>Wie erfassen wir Ihre Daten?<\/h2>\n<p>Ihre Daten werden zum einen dadurch erhoben, dass Sie uns diese mitteilen. Hierbei kann es sich z.B. um Daten handeln, die Sie in ein Kontaktformular eingeben. Andere Daten werden automatisch beim Besuch der Website durch unsere IT-Systeme erfasst. Das sind vor allem technische Daten (z.B. Internetbrowser, Betriebssystem oder Uhrzeit des Seitenaufrufs). Die Erfassung dieser Daten erfolgt automatisch, sobald Sie unsere Website betreten.<\/p>\n<h2>Wof\u00fcr nutzen wir Ihre Daten?<\/h2>\n<ul>\n<li>Vertragserf\u00fcllung: Personenbezogene Daten, die von Ihnen im Rahmen eines Vertragsabschlusses angegeben werden (Kontakt- und Zahlungsdaten) dienen der Abwicklung bzw sind f\u00fcr den Abschluss Vertragsverh\u00e4ltnisses notwendig und erforderlich und werden daher auf Grundlage gesetzlicher Berechtigungen in Erf\u00fcllung des Vertrages verarbeitet.<\/li>\n<li>Marketingzwecke: Eine Verarbeitung Ihrer personenbezogenen Daten zu Marketingzwecken (insbesondere die \u00dcbermittlung von Informationen zum Zwecke der Werbung per Fax, Brief, E-Mail bzw SMS).<\/li>\n<li>Ein Teil der Daten wird erhoben, um eine fehlerfreie Bereitstellung der Website zu gew\u00e4hrleisten. Andere Daten k\u00f6nnen zur Analyse Ihres Nutzerverhaltens verwendet werden.<\/li>\n<\/ul>\n<h2>Welche Rechte haben Sie bez\u00fcglich Ihrer Daten?<\/h2>\n<p>Sie haben jederzeit das Recht unentgeltlich Auskunft \u00fcber Herkunft, Empf\u00e4nger und Zweck Ihrer gespeicherten personenbezogenen Daten zu erhalten. Sie haben au\u00dferdem ein Recht, die Berichtigung, Sperrung oder L\u00f6schung dieser Daten zu verlangen. Hierzu sowie zu weiteren Fragen zum Thema Datenschutz k\u00f6nnen Sie sich jederzeit unter der im Impressum angegebenen Adresse an uns wenden. Des Weiteren steht Ihnen ein Beschwerderecht bei der zust\u00e4ndigen Aufsichtsbeh\u00f6rde zu.<\/p>\n<h2>Analyse-Tools und Tools von Drittanbietern<\/h2>\n<p class=\"p1\">Beim Besuch unserer Website kann Ihr Surf-Verhalten statistisch ausgewertet werden. Das geschieht vor allem mit Cookies und mit sogenannten Analyseprogrammen. Die Analyse Ihres Surf-Verhaltens erfolgt in der Regel anonym; das Surf-Verhalten kann nicht zu Ihnen zur\u00fcckverfolgt werden. Sie k\u00f6nnen dieser Analyse widersprechen oder sie durch die Nichtbenutzung bestimmter Tools verhindern. Detaillierte Informationen dazu finden Sie in der folgenden Datenschutzerkl\u00e4rung.<\/p>\n<\/div>\n                                    <\/div>\n    <\/div>\n  <\/div>\n<\/div>\n\n<div id=\"main-content-block_4eab7eb6f89883260ab50cf7a72adbdc\" class=\"main-content block block--main-content\" data-title=\"\">\n  <div class=\"main-content__content content\">\n        <div class=\"content__wrapper content-wrapper\">\n      <div class=\"content-wrapper__aside aside\">\n                                            <div class=\"aside__sl\">Allgemeine Hinweise und Pflicht&shy;informationen<\/div>\n                                    <\/div>\n      <div class=\"content-wrapper__main main\">\n                                            <div class=\"main__text\"><h2 class=\"p1\">Datenschutz<\/h2>\n<p>Die Betreiber dieser Seiten nehmen den Schutz Ihrer pers\u00f6nlichen Daten sehr ernst. Wir behandeln Ihre personenbezogenen Daten vertraulich und entsprechend der gesetzlichen Datenschutzvorschriften sowie dieser Datenschutzerkl\u00e4rung.<\/p>\n<p>Wenn Sie diese Website benutzen, werden verschiedene personenbezogene Daten erhoben. Personenbezogene Daten sind Daten, mit denen Sie pers\u00f6nlich identifiziert werden k\u00f6nnen. Die vorliegende Datenschutzerkl\u00e4rung erl\u00e4utert, welche Daten wir erheben und wof\u00fcr wir sie nutzen. Sie erl\u00e4utert auch, wie und zu welchem Zweck das geschieht.<\/p>\n<p>Wir weisen darauf hin, dass die Daten\u00fcbertragung im Internet (z.B. bei der Kommunikation per E-Mail) Sicherheitsl\u00fccken aufweisen kann. Ein l\u00fcckenloser Schutz der Daten vor dem Zugriff durch Dritte ist nicht m\u00f6glich.<\/p>\n<p><strong>Hinweis zur verantwortlichen Stelle<\/strong><\/p>\n<p>Die verantwortliche Stelle f\u00fcr die Datenverarbeitung auf dieser Website ist:<br \/>\nWestermayer Coaching &amp; Consulting e.U.<br \/>\nMag. Kathrin Westermayer, MSc<br \/>\nGrenzgasse 111\/1\/9, 2344 Maria Enzersdorf<br \/>\nE-Mail:\u00a0<a href=\"mailto:info@kathrinwestermayer.com\">info@kathrinwestermayer.com<\/a><br \/>\nTelefon: +43 (664) 5310220<br \/>\nVerantwortliche Stelle ist die nat\u00fcrliche oder juristische Person, die allein oder gemeinsam mit anderen \u00fcber die Zwecke und Mittel der Verarbeitung von personenbezogenen Daten (z.B. Namen, E-Mail-Adressen o. \u00c4.) entscheidet.<br \/>\nWiderruf Ihrer Einwilligung zur Datenverarbeitung<br \/>\nViele Datenverarbeitungsvorg\u00e4nge sind nur mit Ihrer ausdr\u00fccklichen Einwilligung m\u00f6glich. Sie k\u00f6nnen eine bereits erteilte Einwilligung jederzeit widerrufen. Dazu reicht eine formlose Mitteilung per E-Mail an uns. Die Rechtm\u00e4\u00dfigkeit der bis zum Widerruf erfolgten Datenverarbeitung bleibt vom Widerruf unber\u00fchrt.<\/p>\n<h2>Ihre Rechte<\/h2>\n<p class=\"p1\">Ihnen stehen grunds\u00e4tzlich die Rechte auf Auskunft, Berichtigung, L\u00f6schung, Einschr\u00e4nkung, Daten\u00fcbertragbarkeit, Widerruf und Widerspruch zu. Wenn Sie glauben, dass die Verarbeitung Ihrer Daten gegen das Datenschutzrecht verst\u00f6\u00dft oder Ihre datenschutzrechtlichen Anspr\u00fcche sonst in einer Weise verletzt worden sind, k\u00f6nnen Sie sich bei der Aufsichtsbeh\u00f6rde beschweren. In \u00d6sterreich ist dies die Datenschutzbeh\u00f6rde.<\/p>\n<h3 class=\"p1\">Recht auf Daten\u00fcbertragbarkeit<\/h3>\n<p class=\"p1\">Sie haben das Recht, Daten, die wir auf Grundlage Ihrer Einwilligung oder in Erf\u00fcllung eines Vertrags automatisiert verarbeiten, an sich oder an einen Dritten in einem g\u00e4ngigen, maschinenlesbaren Format aush\u00e4ndigen zu lassen. Sofern Sie die direkte \u00dcbertragung der Daten an einen anderen Verantwortlichen verlangen, erfolgt dies nur, soweit es technisch machbar ist.<\/p>\n<h3 class=\"p1\">Auskunft, Sperrung, L\u00f6schung<\/h3>\n<p class=\"p1\">Sie haben im Rahmen der geltenden gesetzlichen Bestimmungen jederzeit das Recht auf unentgeltliche Auskunft \u00fcber Ihre gespeicherten personenbezogenen Daten, deren Herkunft und Empf\u00e4nger und den Zweck der Datenverarbeitung und ggf. ein Recht auf Berichtigung, Sperrung oder L\u00f6schung dieser Daten. Hierzu sowie zu weiteren Fragen zum Thema personenbezogene Daten k\u00f6nnen Sie sich jederzeit unter der im Impressum angegebenen Adresse an uns wenden.<\/p>\n<h3 class=\"p1\">Widerspruch gegen Werbe-Mails<\/h3>\n<p class=\"p1\">Der Nutzung von im Rahmen der Impressumspflicht ver\u00f6ffentlichten Kontaktdaten zur \u00dcbersendung von nicht ausdr\u00fccklich angeforderter Werbung und Informationsmaterialien wird hiermit widersprochen. Die Betreiber der Seiten behalten sich ausdr\u00fccklich rechtliche Schritte im Falle der unverlangten Zusendung von Werbeinformationen, etwa durch Spam-E-Mails, vor.<\/p>\n<\/div>\n                                    <\/div>\n    <\/div>\n  <\/div>\n<\/div>\n\n<div id=\"main-content-block_622a61b7d49fe0c74f6765eab59ffc20\" class=\"main-content block block--main-content\" data-title=\"\">\n  <div class=\"main-content__content content\">\n        <div class=\"content__wrapper content-wrapper\">\n      <div class=\"content-wrapper__aside aside\">\n                                            <div class=\"aside__sl\">Datenerfassung auf unserer Website<\/div>\n                                    <\/div>\n      <div class=\"content-wrapper__main main\">\n                                            <div class=\"main__text\"><h2 class=\"p1\">Cookies<\/h2>\n<p class=\"p1\">Die Internetseiten verwenden teilweise so genannte Cookies. Cookies richten auf Ihrem Rechner keinen Schaden an und enthalten keine Viren. Cookies dienen dazu, unser Angebot nutzerfreundlicher, effektiver und sicherer zu machen. Cookies sind kleine Textdateien, die auf Ihrem Rechner abgelegt werden und die Ihr Browser speichert.<\/p>\n<p class=\"p1\">Die meisten der von uns verwendeten Cookies sind so genannte \u201cSession-Cookies\u201d. Sie werden nach Ende Ihres Besuchs automatisch gel\u00f6scht. Andere Cookies bleiben auf Ihrem Endger\u00e4t gespeichert bis Sie diese l\u00f6schen. Diese Cookies erm\u00f6glichen es uns, Ihren Browser beim n\u00e4chsten Besuch wiederzuerkennen.<\/p>\n<p class=\"p1\">Sie k\u00f6nnen Ihren Browser so einstellen, dass Sie \u00fcber das Setzen von Cookies informiert werden und Cookies nur im Einzelfall erlauben, die Annahme von Cookies f\u00fcr bestimmte F\u00e4lle oder generell ausschlie\u00dfen sowie das automatische L\u00f6schen der Cookies beim Schlie\u00dfen des Browser aktivieren. Bei der Deaktivierung von Cookies kann die Funktionalit\u00e4t dieser Website eingeschr\u00e4nkt sein.<\/p>\n<p class=\"p1\">Cookies, die zur Durchf\u00fchrung des elektronischen Kommunikationsvorgangs oder zur Bereitstellung bestimmter, von Ihnen erw\u00fcnschter Funktionen erforderlich sind, werden auf Grundlage von Art. 6 Abs. 1 lit. f DSGVO gespeichert. Der Websitebetreiber hat ein berechtigtes Interesse an der Speicherung von Cookies zur technisch fehlerfreien und optimierten Bereitstellung seiner Dienste. Soweit andere Cookies (z.B. Cookies zur Analyse Ihres Surfverhaltens) gespeichert werden, werden diese in dieser Datenschutzerkl\u00e4rung gesondert behandelt.<\/p>\n<h2 class=\"p1\">Server-Log-Dateien<\/h2>\n<p class=\"p1\">Der Provider der Seiten erhebt und speichert automatisch Informationen in so genannten Server-Log-Dateien, die Ihr Browser automatisch an uns \u00fcbermittelt. Dies sind:<\/p>\n<ul class=\"ul1\">\n<li class=\"li1\">Browsertyp und Browserversion<\/li>\n<li class=\"li1\">verwendetes Betriebssystem<\/li>\n<li class=\"li1\">Referrer URL<\/li>\n<li class=\"li1\">Hostname des zugreifenden Rechners<\/li>\n<li class=\"li1\">Uhrzeit der Serveranfrage<\/li>\n<li class=\"li1\">IP-Adresse<\/li>\n<\/ul>\n<p class=\"p1\">Eine Zusammenf\u00fchrung dieser Daten mit anderen Datenquellen wird nicht vorgenommen.<\/p>\n<p class=\"p1\">Grundlage f\u00fcr die Datenverarbeitung ist Art. 6 Abs. 1 lit. b DSGVO, der die Verarbeitung von Daten zur Erf\u00fcllung eines Vertrags oder vorvertraglicher Ma\u00dfnahmen gestattet.<\/p>\n<h2 class=\"p1\">\u200bKontaktformular<\/h2>\n<p class=\"p1\">Wenn Sie uns per Kontaktformular Anfragen zukommen lassen, werden Ihre Angaben aus dem Anfrageformular inklusive der von Ihnen dort angegebenen Kontaktdaten zwecks Bearbeitung der Anfrage und f\u00fcr den Fall von Anschlussfragen bei uns gespeichert. Diese Daten geben wir nicht ohne Ihre Einwilligung weiter.<\/p>\n<p class=\"p1\">Die Verarbeitung der in das Kontaktformular eingegebenen Daten erfolgt somit ausschlie\u00dflich auf Grundlage Ihrer Einwilligung (Art. 6 Abs. 1 lit. a DSGVO). Sie k\u00f6nnen diese Einwilligung jederzeit widerrufen. Dazu reicht eine formlose Mitteilung per E-Mail an uns. Die Rechtm\u00e4\u00dfigkeit der bis zum Widerruf erfolgten Datenverarbeitungsvorg\u00e4nge bleibt vom Widerruf unber\u00fchrt.<\/p>\n<p class=\"p1\">Die von Ihnen im Kontaktformular eingegebenen Daten verbleiben bei uns, bis Sie uns zur L\u00f6schung auffordern, Ihre Einwilligung zur Speicherung widerrufen oder der Zweck f\u00fcr die Datenspeicherung entf\u00e4llt (z.B. nach abgeschlossener Bearbeitung Ihrer Anfrage). Zwingende gesetzliche Bestimmungen \u2013 insbesondere Aufbewahrungsfristen \u2013 bleiben unber\u00fchrt.<\/p>\n<h2 class=\"p1\">\u200bVerarbeiten von Daten (Kundendaten)<\/h2>\n<p class=\"p1\">Wir erheben, verarbeiten und nutzen personenbezogene Daten nur, soweit sie f\u00fcr die Begr\u00fcndung, inhaltliche Ausgestaltung oder \u00c4nderung des Rechtsverh\u00e4ltnisses erforderlich sind (Bestandsdaten). Dies erfolgt auf Grundlage von Art. 6 Abs. 1 lit. b DSGVO, der die Verarbeitung von Daten zur Erf\u00fcllung eines Vertrags oder vorvertraglicher Ma\u00dfnahmen gestattet. Personenbezogene Daten \u00fcber die Inanspruchnahme unserer Internetseiten (Nutzungsdaten) erheben, verarbeiten und nutzen wir nur, soweit dies erforderlich ist, um dem Nutzer die Inanspruchnahme des Dienstes zu erm\u00f6glichen oder abzurechnen.<\/p>\n<p class=\"p1\">Die erhobenen Kundendaten werden nach Abschluss des Auftrags oder Beendigung der Gesch\u00e4ftsbeziehung gel\u00f6scht. Gesetzliche Aufbewahrungsfristen bleiben unber\u00fchrt.\u200b\u200b<\/p>\n<p class=\"p1\">Sie erreichen uns unter folgenden Kontaktdaten:<\/p>\n<p class=\"p1\">Westermayer Coaching &amp; Consulting e.U.<br \/>\nE-Mail:\u00a0<a href=\"mailto:info@kathrinwestermayer.com?subject=Anfrage\"><span class=\"s2\">info@kathrinwestermayer.com<\/span><\/a><\/p>\n<\/div>\n                                    <\/div>\n    <\/div>\n  <\/div>\n<\/div>","protected":false},"excerpt":{"rendered":"","protected":false},"author":2,"featured_media":0,"parent":0,"menu_order":0,"comment_status":"closed","ping_status":"closed","template":"","meta":{"_acf_changed":false,"footnotes":""},"class_list":["post-650","page","type-page","status-publish","hentry"],"acf":[],"_links":{"self":[{"href":"https:\/\/www.kathrinwestermayer.com\/en\/wp-json\/wp\/v2\/pages\/650","targetHints":{"allow":["GET"]}}],"collection":[{"href":"https:\/\/www.kathrinwestermayer.com\/en\/wp-json\/wp\/v2\/pages"}],"about":[{"href":"https:\/\/www.kathrinwestermayer.com\/en\/wp-json\/wp\/v2\/types\/page"}],"author":[{"embeddable":true,"href":"https:\/\/www.kathrinwestermayer.com\/en\/wp-json\/wp\/v2\/users\/2"}],"replies":[{"embeddable":true,"href":"https:\/\/www.kathrinwestermayer.com\/en\/wp-json\/wp\/v2\/comments?post=650"}],"version-history":[{"count":3,"href":"https:\/\/www.kathrinwestermayer.com\/en\/wp-json\/wp\/v2\/pages\/650\/revisions"}],"predecessor-version":[{"id":671,"href":"https:\/\/www.kathrinwestermayer.com\/en\/wp-json\/wp\/v2\/pages\/650\/revisions\/671"}],"wp:attachment":[{"href":"https:\/\/www.kathrinwestermayer.com\/en\/wp-json\/wp\/v2\/media?parent=650"}],"curies":[{"name":"wp","href":"https:\/\/api.w.org\/{rel}","templated":true}]}}